{"id":204,"date":"2011-05-12T09:38:20","date_gmt":"2011-05-12T08:38:20","guid":{"rendered":"http:\/\/tymur.cz\/?page_id=204"},"modified":"2012-05-14T12:37:49","modified_gmt":"2012-05-14T11:37:49","slug":"informace","status":"publish","type":"page","link":"https:\/\/www.tymur.cz\/?page_id=204","title":{"rendered":"informace"},"content":{"rendered":"<p><strong>O webu <\/strong><\/p>\n<p>Tento web se zab\u00fdv\u00e1 p\u0159ev\u00e1\u017en\u011b fotogaleriemi z r\u016fzn\u00fdch akc\u00ed.<\/p>\n<p><strong>N\u00e1pov\u011bda<\/strong><\/p>\n<p><strong>V galeri\u00edch si pov\u0161imn\u011bte toho, \u017ee b\u00fdv\u00e1 v\u00edce str\u00e1nek, fotogafie v pln\u00e9m pohledu se V\u00e1m uk\u00e1\u017e\u00ed jen ty co jsou na dan\u00e9 str\u00e1nce, tak\u017ee pak je t\u0159eba p\u0159ekliknout na dal\u0161\u00ed!<\/strong><\/p>\n<p>Pro pohyb po str\u00e1nce m\u016f\u017eete pou\u017e\u00edt n\u011bkolik mo\u017enost\u00ed.:<\/p>\n<ul>\n<li>vyhled\u00e1v\u00e1n\u00ed (vlevo v panelu \u0161ed\u00fd n\u00e1pis <em>search<\/em>) zadejte kl\u00ed\u010dov\u00e9 slovo, slova odd\u011blen\u00e1 mezerou, nebo \u010d\u00e1st slova, kup\u0159\u00edkladu <em>bitva<\/em> nebo <em>narozeniny<\/em> pop\u0159\u00edpad\u011b rok.<\/li>\n<li>rubriky\u00a0(vlevo v panelu) vybrat pat\u0159i\u010dnou rubriku pop\u0159\u00edpad\u011b konkr\u00e9tn\u00ed rok<\/li>\n<li>pomoc\u00ed menu v z\u00e1hlav\u00ed<\/li>\n<\/ul>\n<p>Kdyby cokoliv, tak mi klidn\u011b napi\u0161te na tymur<em>(pe\u010den\u00e1\u010d)<\/em>tymur.cz<\/p>\n","protected":false},"excerpt":{"rendered":"<p>O webu Tento web se zab\u00fdv\u00e1 p\u0159ev\u00e1\u017en\u011b fotogaleriemi z r\u016fzn\u00fdch akc\u00ed. N\u00e1pov\u011bda V galeri\u00edch si pov\u0161imn\u011bte toho, \u017ee b\u00fdv\u00e1 v\u00edce str\u00e1nek, fotogafie v pln\u00e9m pohledu se V\u00e1m uk\u00e1\u017e\u00ed jen ty co jsou na dan\u00e9 str\u00e1nce, tak\u017ee pak je t\u0159eba p\u0159ekliknout &hellip; <a href=\"https:\/\/www.tymur.cz\/?page_id=204\">Continue reading <span class=\"meta-nav\">&rarr;<\/span><\/a><\/p>\n","protected":false},"author":1,"featured_media":0,"parent":0,"menu_order":0,"comment_status":"closed","ping_status":"closed","template":"","meta":{"ngg_post_thumbnail":0,"footnotes":""},"class_list":["post-204","page","type-page","status-publish","hentry"],"_links":{"self":[{"href":"https:\/\/www.tymur.cz\/index.php?rest_route=\/wp\/v2\/pages\/204","targetHints":{"allow":["GET"]}}],"collection":[{"href":"https:\/\/www.tymur.cz\/index.php?rest_route=\/wp\/v2\/pages"}],"about":[{"href":"https:\/\/www.tymur.cz\/index.php?rest_route=\/wp\/v2\/types\/page"}],"author":[{"embeddable":true,"href":"https:\/\/www.tymur.cz\/index.php?rest_route=\/wp\/v2\/users\/1"}],"replies":[{"embeddable":true,"href":"https:\/\/www.tymur.cz\/index.php?rest_route=%2Fwp%2Fv2%2Fcomments&post=204"}],"version-history":[{"count":6,"href":"https:\/\/www.tymur.cz\/index.php?rest_route=\/wp\/v2\/pages\/204\/revisions"}],"predecessor-version":[{"id":722,"href":"https:\/\/www.tymur.cz\/index.php?rest_route=\/wp\/v2\/pages\/204\/revisions\/722"}],"wp:attachment":[{"href":"https:\/\/www.tymur.cz\/index.php?rest_route=%2Fwp%2Fv2%2Fmedia&parent=204"}],"curies":[{"name":"wp","href":"https:\/\/api.w.org\/{rel}","templated":true}]}}