{"id":498,"date":"2012-02-08T09:00:18","date_gmt":"2012-02-08T08:00:18","guid":{"rendered":"http:\/\/tymur.cz\/?page_id=498"},"modified":"2015-03-09T09:49:19","modified_gmt":"2015-03-09T08:49:19","slug":"nyxhills","status":"publish","type":"page","link":"http:\/\/www.tymur.cz\/?page_id=498","title":{"rendered":"NYXhills"},"content":{"rendered":"<p>Projekt NYXhills vznikl jako recese, ale n\u011bjak se udr\u017eel na\u017eivu po relativn\u011b dlouh\u00fd \u010das. Jedn\u00e1 se o zat\u00edm neukon\u010denou s\u00e9rii strip\u016f reflektuj\u00edc\u00ed na d\u011bn\u00ed v komunit\u011b okolo diskuzn\u00edho serveru <a href=\"http:\/\/www.nyx.cz\" target=\"_blank\">NYX.cz<\/a> (ale i mimo ni). P\u0159ev\u00e1\u017en\u011b stripy vych\u00e1z\u00ed ze skute\u010dn\u00fdch ud\u00e1lost\u00ed \u010di komunikace prob\u00edhaj\u00edc\u00ed na serveru.<\/p>\n<p>Aktualizace: Vzhledem k tomu, \u017ee v\u011bt\u0161ina lid\u00ed ode\u0161la na FaceBook, tak komunitn\u00ed server nyx velmi zklidnil a utichl, z tohoto d\u016fvodu a tak\u00e9 proto\u017ee se tam vyskytuji vcelku sporadicky pova\u017eujte pros\u00edm tuto s\u00e9rii za v podstat\u011b ukon\u010denou (je mo\u017en\u00e9 \u017ee sem tam n\u011bjak\u00fd kousek p\u0159id\u00e1m).<\/p>\n<p>Sv\u00fdm zp\u016fsobem je duchovn\u00edm pokra\u010dovatelem stripov\u00fd komix <a href=\"http:\/\/tymur.cz\/?page_id=1093\">Legendy Lstiv\u00e9ho Lemura<\/a> jeho\u017e autorem jsem j\u00e1 a obr\u00e1zky mi pro n\u011bj kreslila <a href=\"https:\/\/www.facebook.com\/Striga.artist\" target=\"_blank\">Striga<\/a> a posl\u00e9ze jsem za\u010dal pou\u017e\u00edvat fotografie.<\/p>\n<p>D\u011bkuji za pozornost.<\/p>\n<p>&nbsp;<\/p>\nngg_shortcode_0_placeholder\n","protected":false},"excerpt":{"rendered":"<p>Projekt NYXhills vznikl jako recese, ale n\u011bjak se udr\u017eel na\u017eivu po relativn\u011b dlouh\u00fd \u010das. Jedn\u00e1 se o zat\u00edm neukon\u010denou s\u00e9rii strip\u016f reflektuj\u00edc\u00ed na d\u011bn\u00ed v komunit\u011b okolo diskuzn\u00edho serveru NYX.cz (ale i mimo ni). P\u0159ev\u00e1\u017en\u011b stripy vych\u00e1z\u00ed ze skute\u010dn\u00fdch ud\u00e1lost\u00ed &hellip; <a href=\"http:\/\/www.tymur.cz\/?page_id=498\">Continue reading <span class=\"meta-nav\">&rarr;<\/span><\/a><\/p>\n","protected":false},"author":1,"featured_media":0,"parent":0,"menu_order":0,"comment_status":"open","ping_status":"closed","template":"","meta":{"ngg_post_thumbnail":0,"footnotes":""},"class_list":["post-498","page","type-page","status-publish","hentry"],"_links":{"self":[{"href":"http:\/\/www.tymur.cz\/index.php?rest_route=\/wp\/v2\/pages\/498","targetHints":{"allow":["GET"]}}],"collection":[{"href":"http:\/\/www.tymur.cz\/index.php?rest_route=\/wp\/v2\/pages"}],"about":[{"href":"http:\/\/www.tymur.cz\/index.php?rest_route=\/wp\/v2\/types\/page"}],"author":[{"embeddable":true,"href":"http:\/\/www.tymur.cz\/index.php?rest_route=\/wp\/v2\/users\/1"}],"replies":[{"embeddable":true,"href":"http:\/\/www.tymur.cz\/index.php?rest_route=%2Fwp%2Fv2%2Fcomments&post=498"}],"version-history":[{"count":14,"href":"http:\/\/www.tymur.cz\/index.php?rest_route=\/wp\/v2\/pages\/498\/revisions"}],"predecessor-version":[{"id":1369,"href":"http:\/\/www.tymur.cz\/index.php?rest_route=\/wp\/v2\/pages\/498\/revisions\/1369"}],"wp:attachment":[{"href":"http:\/\/www.tymur.cz\/index.php?rest_route=%2Fwp%2Fv2%2Fmedia&parent=498"}],"curies":[{"name":"wp","href":"https:\/\/api.w.org\/{rel}","templated":true}]}}