{"id":1093,"date":"2013-11-08T11:21:40","date_gmt":"2013-11-08T10:21:40","guid":{"rendered":"http:\/\/tymur.cz\/?page_id=1093"},"modified":"2018-03-18T10:59:45","modified_gmt":"2018-03-18T09:59:45","slug":"legendy-lstiveho-lemura","status":"publish","type":"page","link":"http:\/\/www.tymur.cz\/?page_id=1093","title":{"rendered":"Legendy Lstiv\u00e9ho Lemura"},"content":{"rendered":"<p>Tento projekt je v postat\u011b pokra\u010dovatelem projektu <a href=\"http:\/\/tymur.cz\/?page_id=498\">NYXhills<\/a>. Ur\u010dit\u00fdm zp\u016fsobem zt\u011bles\u0148uje moji snahu komentovat d\u011bn\u00ed kolem a sv\u00e9 pocity stripov\u00fdm zp\u016fsobem. Jedn\u00e1 se o Lemura, kter\u00fd se sna\u017e\u00ed reflektovat na d\u011bn\u00ed politick\u00e9 i lidsk\u00e9 ze sv\u00e9ho cynick\u00e9ho pohledu, jeho\u017e grafickou podobu p\u016fvodn\u011b ztv\u00e1rnila <a href=\"https:\/\/www.facebook.com\/Striga.artist\" target=\"_blank\">Striga<\/a>, posl\u00e9ze jsem hledal jin\u00e9 autory, n\u011bjak\u00fd \u010das jsem pou\u017e\u00edval fotografie a nyn\u00ed jsou postavy ztv\u00e1rn\u011bn\u00e9 Vojt\u011bchem Ba\u0161t\u00fd\u0159em.<\/p>\n<p>&nbsp;<\/p>\nngg_shortcode_0_placeholder\n","protected":false},"excerpt":{"rendered":"<p>Tento projekt je v postat\u011b pokra\u010dovatelem projektu NYXhills. Ur\u010dit\u00fdm zp\u016fsobem zt\u011bles\u0148uje moji snahu komentovat d\u011bn\u00ed kolem a sv\u00e9 pocity stripov\u00fdm zp\u016fsobem. Jedn\u00e1 se o Lemura, kter\u00fd se sna\u017e\u00ed reflektovat na d\u011bn\u00ed politick\u00e9 i lidsk\u00e9 ze sv\u00e9ho cynick\u00e9ho pohledu, jeho\u017e grafickou &hellip; <a href=\"http:\/\/www.tymur.cz\/?page_id=1093\">Continue reading <span class=\"meta-nav\">&rarr;<\/span><\/a><\/p>\n","protected":false},"author":1,"featured_media":0,"parent":0,"menu_order":0,"comment_status":"open","ping_status":"closed","template":"","meta":{"ngg_post_thumbnail":0,"footnotes":""},"class_list":["post-1093","page","type-page","status-publish","hentry"],"_links":{"self":[{"href":"http:\/\/www.tymur.cz\/index.php?rest_route=\/wp\/v2\/pages\/1093","targetHints":{"allow":["GET"]}}],"collection":[{"href":"http:\/\/www.tymur.cz\/index.php?rest_route=\/wp\/v2\/pages"}],"about":[{"href":"http:\/\/www.tymur.cz\/index.php?rest_route=\/wp\/v2\/types\/page"}],"author":[{"embeddable":true,"href":"http:\/\/www.tymur.cz\/index.php?rest_route=\/wp\/v2\/users\/1"}],"replies":[{"embeddable":true,"href":"http:\/\/www.tymur.cz\/index.php?rest_route=%2Fwp%2Fv2%2Fcomments&post=1093"}],"version-history":[{"count":11,"href":"http:\/\/www.tymur.cz\/index.php?rest_route=\/wp\/v2\/pages\/1093\/revisions"}],"predecessor-version":[{"id":8766,"href":"http:\/\/www.tymur.cz\/index.php?rest_route=\/wp\/v2\/pages\/1093\/revisions\/8766"}],"wp:attachment":[{"href":"http:\/\/www.tymur.cz\/index.php?rest_route=%2Fwp%2Fv2%2Fmedia&parent=1093"}],"curies":[{"name":"wp","href":"https:\/\/api.w.org\/{rel}","templated":true}]}}